{"id":22503,"date":"2015-08-10T16:00:29","date_gmt":"2015-08-10T14:00:29","guid":{"rendered":"http:\/\/www.zootabor.eu\/?page_id=22503"},"modified":"2025-01-14T11:27:21","modified_gmt":"2025-01-14T09:27:21","slug":"contacts","status":"publish","type":"page","link":"https:\/\/www.zootabor.eu\/en\/contacts\/","title":{"rendered":"Contacts"},"content":{"rendered":"<h3>Correspondence address:<\/h3>\n<p><strong>Zoologick\u00e1 zahrada Tabor, a.s.<\/strong><br \/>\nDukelskych hrdinu 19<br \/>\n170 00 Prague 7<\/p>\n<p>Phone: +420 233 372 021 &#8211; Front office<br \/>\nE-mail: <a href=\"mailto:zoo@zootabor.eu\">zoo@zootabor.eu<\/a><\/p>\n<p>Available every working\/business day 8 a.m. &#8211; 5 p.m. (office hours)<br \/>\nOut of office hours: +420 601 569 666 (Security), +420 778 468 385 (Head Keeper)<br \/>\nBank account: 8755862\/0800<br \/>\nCIN: 040 74 025<br \/>\nVAT ID: CZ 040 74 025<\/p>\n<h2>Contacts:<\/h2>\n<p><strong>Evzen Korec, MSc., Ph.D.<\/strong>, Director of Tabor Zoo<br \/>\ne-mail:&nbsp;<a href=\"mailto:director@zootabor.eu\">director@zootabor.eu<\/a><br \/>\ntel.: +420 233 372 021<\/p>\n<p>He graduated in genetics and is a co-author of 11 patents in the field of molecular biology and genetics. He also published tens of articles in the world\u2019s most prestigious journals. Most significant articles are available on <a href=\"http:\/\/www.ncbi.nlm.nih.gov\/pubmed\/?term=Korec+E\">PubMed website<\/a> and <a href=\"https:\/\/www.researchgate.net\/profile\/Evzen_Korec3\">researchgate website<\/a>.<br \/>\nPopular scientific publications can be found on&nbsp;<a href=\"http:\/\/www.koreccorso.cz\/en\/poppular-science\/\">www.koreccorso.cz<\/a><\/p>\n<p><strong>Ing. Ond\u0159ej Chalupa<\/strong> Deputy director, Head of Tendering Department<br \/>\ne-mail:&nbsp;<a href=\"mailto:nakup@zootabor.eu\">nakup@zootabor.eu<\/a><br \/>\nPhone: +420 233 372 021<\/p>\n<p><strong>Bc. Eva Nemravov\u00e1<\/strong>, Head Keeper<br \/>\nPhone: +420 778 468 385<\/p>\n<p><strong>Bc. Filip Su\u0161anka<\/strong>, Spokesperson and&nbsp;Marketing Department<br \/>\nE-mail: <a href=\"mailto:media@zootabor.eu\">media@zootabor.eu<\/a><br \/>\nPhone: +420 606 688 787<\/p>\n<hr>\n<div style=\"display:none;\">\n<strong>Ing. Jana Kr\u00e1lov\u00e1<\/strong>, Directors Assistant<br \/>\nE-mail: <a href=\"mailto:sekretariat@zootabor.eu\">sekretariat@zootabor.eu<\/a><br \/>\nPhone: +420 233 372 021<\/p>\n<p><strong>MVDr. Ji\u0159\u00ed Bene\u0161<\/strong>, Directors Assistant<br \/>\nE-mail: <a href=\"mailto:sekretariat@zootabor.eu\">sekretariat@zootabor.eu<\/a><br \/>\nPhone: +420 233 372 021<\/p>\n<hr>\n<\/div>\n","protected":false},"excerpt":{"rendered":"<p>Correspondence address: Zoologick\u00e1 zahrada Tabor, a.s. Dukelskych hrdinu 19 170 00 Prague 7 Phone: +420 233 372 021 &#8211; Front office E-mail: zoo@zootabor.eu Available every working\/business day 8 a.m. &#8211; 5 p.m. (office hours) Out of office hours: +420 601 569 666 (Security), +420 778 468 385 (Head Keeper) Bank account: 8755862\/0800 CIN: 040 74 [&hellip;]<\/p>\n","protected":false},"author":1,"featured_media":0,"parent":0,"menu_order":83,"comment_status":"open","ping_status":"open","template":"","meta":{"footnotes":""},"class_list":["post-22503","page","type-page","status-publish","hentry"],"_links":{"self":[{"href":"https:\/\/www.zootabor.eu\/en\/wp-json\/wp\/v2\/pages\/22503","targetHints":{"allow":["GET"]}}],"collection":[{"href":"https:\/\/www.zootabor.eu\/en\/wp-json\/wp\/v2\/pages"}],"about":[{"href":"https:\/\/www.zootabor.eu\/en\/wp-json\/wp\/v2\/types\/page"}],"author":[{"embeddable":true,"href":"https:\/\/www.zootabor.eu\/en\/wp-json\/wp\/v2\/users\/1"}],"replies":[{"embeddable":true,"href":"https:\/\/www.zootabor.eu\/en\/wp-json\/wp\/v2\/comments?post=22503"}],"version-history":[{"count":37,"href":"https:\/\/www.zootabor.eu\/en\/wp-json\/wp\/v2\/pages\/22503\/revisions"}],"predecessor-version":[{"id":36326,"href":"https:\/\/www.zootabor.eu\/en\/wp-json\/wp\/v2\/pages\/22503\/revisions\/36326"}],"wp:attachment":[{"href":"https:\/\/www.zootabor.eu\/en\/wp-json\/wp\/v2\/media?parent=22503"}],"curies":[{"name":"wp","href":"https:\/\/api.w.org\/{rel}","templated":true}]}}