{"id":35926,"date":"2023-02-03T12:08:49","date_gmt":"2023-02-03T10:08:49","guid":{"rendered":"https:\/\/www.zootabor.eu\/en\/vyzkumna-cinnost\/"},"modified":"2025-05-30T14:59:05","modified_gmt":"2025-05-30T12:59:05","slug":"vyzkumna-cinnost","status":"publish","type":"page","link":"https:\/\/www.zootabor.eu\/en\/vyzkumna-cinnost\/","title":{"rendered":"V\u00fdzkumn\u00e1 \u010dinnost"},"content":{"rendered":"<style>#content a.box{display:block;float:left;width:31%;margin-right:1%;position:relative;} #content .cleaner{clear:both;}a.box img{width:100%;height:auto;}a.box .title{position:absolute;left:0;top:0;right:0;text-align:center;background:#fffa;color:#000;font-size:1.5em;}a.box .btn{display:block;margin:0.5em;background:#A00D;color:#fff;text-align:center;padding:0.25em;font-size:1.5em;position:absolute;left:0;bottom:0.5em;right:0;}a.box:hover .btn{background:#c00;}<\/style>\n<p><strong>Sou\u010dasn\u00fdm dlouhodob\u00fdm projektem v\u00fdzkumn\u00e9ho t\u00fdmu ZOO T\u00e1bor je v\u00fdzkum zam\u011b\u0159en\u00fd na studium d\u00e9lky \u017eivota. C\u00edlem projektu je zjistit, \u010d\u00edm je d\u00e9lka \u017eivota ovlivn\u011bna na molekul\u00e1rn\u011b-genetick\u00e9 \u00farovni. Data z\u00edskan\u00e1 ve spojitosti s v\u00fdzkumem mohou b\u00fdt zaj\u00edmav\u00e1 nejen z v\u011bdeck\u00e9ho pohledu, ale mohou b\u00fdt cenn\u00fdm p\u0159\u00ednosem pro vytvo\u0159en\u00ed dlouhov\u011bk\u00fdch lini\u00ed.<\/strong><\/p>\n<p>V\u00fdzkumn\u00fd t\u00fdm ZOO T\u00e1bor se nyn\u00ed zab\u00fdv\u00e1 p\u0159edev\u0161\u00edm v\u00fdzkumem n\u00e1sleduj\u00edc\u00edch druh\u016f:<\/p>\n<p><a style=\"float:left;margin-left:16%;\" class=\"box\" href=\"https:\/\/www.zootabor.eu\/vyzkumna-cinnost-zubr\/\"><img decoding=\"async\" src=\"\/wp-content\/uploads\/2023\/02\/bison-v.jpg\"><span class=\"title\">Zubr evropsk\u00fd<\/span><span class=\"btn\">Zobrazit v\u00edce<\/span><\/a><a class=\"box\" href=\"\/prumerny-vek-psu-plemene-cane-corso-je-ve-vztahu-se-zbarvenim-srsti\/\"><img decoding=\"async\" src=\"\/wp-content\/uploads\/2023\/02\/cc-v.jpg\"><span class=\"title\">Psi<\/span><span class=\"btn\">Zobrazit v\u00edce<\/span><\/a><a style=\"display:none\" class=\"box\" href=\"https:\/\/www.zootabor.eu\/vyzkum-dlouhovekosti-nosala-cerveneho\/\"><img decoding=\"async\" src=\"\/wp-content\/uploads\/2023\/02\/nosal-v.jpg\"><span class=\"title\">Nos\u00e1l \u010derven\u00fd<\/span><span class=\"btn\">Zobrazit v\u00edce<\/span><\/a><\/p>\n<div class=\"cleaner\"><\/div>\n","protected":false},"excerpt":{"rendered":"<p>Sou\u010dasn\u00fdm dlouhodob\u00fdm projektem v\u00fdzkumn\u00e9ho t\u00fdmu ZOO T\u00e1bor je v\u00fdzkum zam\u011b\u0159en\u00fd na studium d\u00e9lky \u017eivota. C\u00edlem projektu je zjistit, \u010d\u00edm je d\u00e9lka \u017eivota ovlivn\u011bna na molekul\u00e1rn\u011b-genetick\u00e9 \u00farovni. Data z\u00edskan\u00e1 ve spojitosti s v\u00fdzkumem mohou b\u00fdt zaj\u00edmav\u00e1 nejen z v\u011bdeck\u00e9ho pohledu, ale mohou b\u00fdt cenn\u00fdm p\u0159\u00ednosem pro vytvo\u0159en\u00ed dlouhov\u011bk\u00fdch lini\u00ed. V\u00fdzkumn\u00fd t\u00fdm ZOO T\u00e1bor se nyn\u00ed zab\u00fdv\u00e1 [&hellip;]<\/p>\n","protected":false},"author":10,"featured_media":0,"parent":0,"menu_order":19,"comment_status":"closed","ping_status":"closed","template":"","meta":{"footnotes":""},"class_list":["post-35926","page","type-page","status-publish","hentry"],"_links":{"self":[{"href":"https:\/\/www.zootabor.eu\/en\/wp-json\/wp\/v2\/pages\/35926","targetHints":{"allow":["GET"]}}],"collection":[{"href":"https:\/\/www.zootabor.eu\/en\/wp-json\/wp\/v2\/pages"}],"about":[{"href":"https:\/\/www.zootabor.eu\/en\/wp-json\/wp\/v2\/types\/page"}],"author":[{"embeddable":true,"href":"https:\/\/www.zootabor.eu\/en\/wp-json\/wp\/v2\/users\/10"}],"replies":[{"embeddable":true,"href":"https:\/\/www.zootabor.eu\/en\/wp-json\/wp\/v2\/comments?post=35926"}],"version-history":[{"count":11,"href":"https:\/\/www.zootabor.eu\/en\/wp-json\/wp\/v2\/pages\/35926\/revisions"}],"predecessor-version":[{"id":36586,"href":"https:\/\/www.zootabor.eu\/en\/wp-json\/wp\/v2\/pages\/35926\/revisions\/36586"}],"wp:attachment":[{"href":"https:\/\/www.zootabor.eu\/en\/wp-json\/wp\/v2\/media?parent=35926"}],"curies":[{"name":"wp","href":"https:\/\/api.w.org\/{rel}","templated":true}]}}